{"id":1632,"date":"2020-07-27T19:51:31","date_gmt":"2020-07-27T17:51:31","guid":{"rendered":"http:\/\/www.volksbuehne-osnabrueck.de\/?page_id=1632"},"modified":"2020-07-27T19:51:31","modified_gmt":"2020-07-27T17:51:31","slug":"kunstraub-ua","status":"publish","type":"page","link":"https:\/\/www.volksbuehne-osnabrueck.de\/index.php\/stuecke\/kunstraub-ua\/","title":{"rendered":"KUNSTRAUB (UA)"},"content":{"rendered":"<p><strong>KUNSTRAUB (UA)<\/strong><\/p>\n<p><strong>Mauro de Candia <\/strong><\/p>\n<p>In KUNSTRAUB, dem ersten St\u00fcck der neuen Spielzeit, das sich an die Corona bedingten Sicherheitsma\u00dfnahmen halten muss, spielt Mauro de Candia mit den geforderten Abstands- und Verhaltensregeln und reizt sie bis ins \u00c4u\u00dferste aus. Im ersten Teil geht es um Besucher*innen eines Museums (wo Abstandsregeln seit jeher bestehen), die sich den Gem\u00e4lden betrachtend \u201en\u00e4hern\u201c. Als jemand unbemerkt einem Bild zu nahekommt, ert\u00f6nt der Alarm \u2013 das Werk ist verschwunden, die Kunst geraubt. Aber wohin und von wem? Wird der zweite Teil dieses R\u00e4tsel l\u00f6sen k\u00f6nnen? Werden die Figuren, die dem gestohlenen Gem\u00e4lde entsprungen scheinen, den Raubt\u00e4ter enttarnen? Oder sind sie selbst Teil dieses mysteri\u00f6sen Geschehens?<\/p>\n","protected":false},"excerpt":{"rendered":"<p>KUNSTRAUB (UA) Mauro de Candia In KUNSTRAUB, dem ersten St\u00fcck der neuen Spielzeit, das sich an die Corona bedingten Sicherheitsma\u00dfnahmen halten muss, spielt Mauro de Candia mit den geforderten Abstands- und Verhaltensregeln und reizt sie bis ins \u00c4u\u00dferste aus. Im ersten Teil geht es um Besucher*innen eines Museums (wo Abstandsregeln seit jeher bestehen), die sich [&hellip;]<\/p>\n","protected":false},"author":3,"featured_media":0,"parent":317,"menu_order":18,"comment_status":"closed","ping_status":"closed","template":"index-ohne-sidebar.php","meta":{"footnotes":""},"class_list":["post-1632","page","type-page","status-publish","hentry"],"_links":{"self":[{"href":"https:\/\/www.volksbuehne-osnabrueck.de\/index.php\/wp-json\/wp\/v2\/pages\/1632","targetHints":{"allow":["GET"]}}],"collection":[{"href":"https:\/\/www.volksbuehne-osnabrueck.de\/index.php\/wp-json\/wp\/v2\/pages"}],"about":[{"href":"https:\/\/www.volksbuehne-osnabrueck.de\/index.php\/wp-json\/wp\/v2\/types\/page"}],"author":[{"embeddable":true,"href":"https:\/\/www.volksbuehne-osnabrueck.de\/index.php\/wp-json\/wp\/v2\/users\/3"}],"replies":[{"embeddable":true,"href":"https:\/\/www.volksbuehne-osnabrueck.de\/index.php\/wp-json\/wp\/v2\/comments?post=1632"}],"version-history":[{"count":1,"href":"https:\/\/www.volksbuehne-osnabrueck.de\/index.php\/wp-json\/wp\/v2\/pages\/1632\/revisions"}],"predecessor-version":[{"id":1633,"href":"https:\/\/www.volksbuehne-osnabrueck.de\/index.php\/wp-json\/wp\/v2\/pages\/1632\/revisions\/1633"}],"up":[{"embeddable":true,"href":"https:\/\/www.volksbuehne-osnabrueck.de\/index.php\/wp-json\/wp\/v2\/pages\/317"}],"wp:attachment":[{"href":"https:\/\/www.volksbuehne-osnabrueck.de\/index.php\/wp-json\/wp\/v2\/media?parent=1632"}],"curies":[{"name":"wp","href":"https:\/\/api.w.org\/{rel}","templated":true}]}}