{"id":1648,"date":"2020-07-27T19:57:04","date_gmt":"2020-07-27T17:57:04","guid":{"rendered":"http:\/\/www.volksbuehne-osnabrueck.de\/?page_id=1648"},"modified":"2020-07-27T19:57:04","modified_gmt":"2020-07-27T17:57:04","slug":"7-sinfoniekonzert-israel-in-egypt","status":"publish","type":"page","link":"https:\/\/www.volksbuehne-osnabrueck.de\/index.php\/stuecke\/7-sinfoniekonzert-israel-in-egypt\/","title":{"rendered":"7. Sinfoniekonzert ISRAEL IN EGYPT"},"content":{"rendered":"<p>7. Sinfoniekonzert ISRAEL IN EGYPT<\/p>\n<p><strong><em>Georg Friedrich H\u00e4ndel <\/em><\/strong><em>Israel in Egypt HWV 56<\/em><\/p>\n<p>&nbsp;<\/p>\n<p>Georg Friedrich H\u00e4ndels B\u00fchnenwerke sind bis heute aus dem Repertoire nicht wegzudenken. In den 1730er Jahren erwuchs H\u00e4ndels Opernunternehmen in London erstmals Konkurrenz. Mehr und mehr aber verlagerte er sich auf die Komposition gro\u00dfer Oratorien, in denen unter anderem ein gro\u00dfer Chor weitaus gr\u00f6\u00dfere klangliche M\u00f6glichkeiten bot als in der kommerziell ausgerichteten Oper.<\/p>\n<p>Zu den ersten Oratorien H\u00e4ndels z\u00e4hlt Israel in Egypt. Die Gesangstexte basieren auf der Bibel und erz\u00e4hlen vom \u00e4gyptischen Exil der Israeliten, ihrem Propheten Moses, den biblischen Plagen und schlie\u00dflich vom Auszug der Israeliten aus \u00c4gypten. H\u00e4ndel setzt die Handlung so plastisch in Musik um, wie es ihm in der Oper nie m\u00f6glich war. Die musikalische Leitung des Orchesters teilen sich Domkapellmeister Clemens Breitschaft und die Schweizer Violinistin und Barock-Expertin Leila Schayegh.<\/p>\n<p>&nbsp;<\/p>\n<p><strong>Musikalische Leitung<\/strong> Clemens Breitschaft, Leila Schayegh<\/p>\n<p><strong>Solist*innen<\/strong> Erika Simons (Sopran), Olga Privalova (Mezzosopran), Owen Willetts (Countertenor), Daniel Wagner (Tenor), Jan Friedrich Eggers (Bariton), Rhys Jenkins (Bariton)<\/p>\n<p><strong>Mit <\/strong>Ch\u00f6re am Dom, Osnabr\u00fccker Jugendchor<\/p>\n","protected":false},"excerpt":{"rendered":"<p>7. Sinfoniekonzert ISRAEL IN EGYPT Georg Friedrich H\u00e4ndel Israel in Egypt HWV 56 &nbsp; Georg Friedrich H\u00e4ndels B\u00fchnenwerke sind bis heute aus dem Repertoire nicht wegzudenken. In den 1730er Jahren erwuchs H\u00e4ndels Opernunternehmen in London erstmals Konkurrenz. Mehr und mehr aber verlagerte er sich auf die Komposition gro\u00dfer Oratorien, in denen unter anderem ein gro\u00dfer [&hellip;]<\/p>\n","protected":false},"author":3,"featured_media":0,"parent":317,"menu_order":26,"comment_status":"closed","ping_status":"closed","template":"index-ohne-sidebar.php","meta":{"footnotes":""},"class_list":["post-1648","page","type-page","status-publish","hentry"],"_links":{"self":[{"href":"https:\/\/www.volksbuehne-osnabrueck.de\/index.php\/wp-json\/wp\/v2\/pages\/1648","targetHints":{"allow":["GET"]}}],"collection":[{"href":"https:\/\/www.volksbuehne-osnabrueck.de\/index.php\/wp-json\/wp\/v2\/pages"}],"about":[{"href":"https:\/\/www.volksbuehne-osnabrueck.de\/index.php\/wp-json\/wp\/v2\/types\/page"}],"author":[{"embeddable":true,"href":"https:\/\/www.volksbuehne-osnabrueck.de\/index.php\/wp-json\/wp\/v2\/users\/3"}],"replies":[{"embeddable":true,"href":"https:\/\/www.volksbuehne-osnabrueck.de\/index.php\/wp-json\/wp\/v2\/comments?post=1648"}],"version-history":[{"count":1,"href":"https:\/\/www.volksbuehne-osnabrueck.de\/index.php\/wp-json\/wp\/v2\/pages\/1648\/revisions"}],"predecessor-version":[{"id":1649,"href":"https:\/\/www.volksbuehne-osnabrueck.de\/index.php\/wp-json\/wp\/v2\/pages\/1648\/revisions\/1649"}],"up":[{"embeddable":true,"href":"https:\/\/www.volksbuehne-osnabrueck.de\/index.php\/wp-json\/wp\/v2\/pages\/317"}],"wp:attachment":[{"href":"https:\/\/www.volksbuehne-osnabrueck.de\/index.php\/wp-json\/wp\/v2\/media?parent=1648"}],"curies":[{"name":"wp","href":"https:\/\/api.w.org\/{rel}","templated":true}]}}