{"id":222,"date":"2015-05-19T18:29:55","date_gmt":"2015-05-19T16:29:55","guid":{"rendered":"http:\/\/www.vbos-online.de\/?page_id=222"},"modified":"2025-06-01T17:35:05","modified_gmt":"2025-06-01T15:35:05","slug":"impressum","status":"publish","type":"page","link":"https:\/\/www.volksbuehne-osnabrueck.de\/index.php\/impressum\/","title":{"rendered":"Impressum"},"content":{"rendered":"<h2>Volksb\u00fchne Osnabr\u00fcck e.V.<\/h2>\n<div>\n<p>Besucherorganisation des Theaters Osnabr\u00fcck<br \/><strong>Ihr Partner f\u00fcr Theater und Konzert<\/strong><\/p>\n<p><strong>Wir bietet Ihnen<\/strong><br \/>&#8211; Kultur zum Vorzugspreis<br \/>&#8211; Vielf\u00e4ltige Angebote<br \/>&#8211; Vorstellungskalender und Sonderveranstaltungen<br \/>&#8211; Meinungsaustausch mit K\u00fcnstlern und Theaterschaffenden und<br \/>viele interessante Informationen auf regelm\u00e4\u00dfigen Treffen<\/p>\n<p><strong>Sie sind bei uns genau richtig wenn Sie&#8230;<\/strong><br \/>&#8211; Kunst und Kultur m\u00f6gen<br \/>&#8211; zu g\u00fcnstigen Preisen ins Osnabr\u00fccker Theater gehen wollen<br \/>&#8211; an einer individuellen Abonnementsbetreuung interessiert sind<br \/>&#8211; Geschenk-Abos f\u00fcr alle Gelegenheiten suchen<br \/>&#8211; Mitglied der \u00e4ltesten und bew\u00e4hrtesten Besucherorganisation des Osnabr\u00fccker Theaters<br \/>sein m\u00f6chten und hierdurch unz\u00e4hlige Vorteile dieses Vereines nutzen wollen.<\/p>\n<p>Wir sind ein gemeinn\u00fctziger Verein, in dem jeder Mitglied wird, der ein Abo erwirbt!<\/p>\n<p><strong>Gesch\u00e4ftszeiten:<\/strong><\/p>\n<div>\n<p>Dienstag und Donnerstags\u00a0\u00a0\u00a0\u00a0\u00a0 10.00 &#8211; 13.00 Uhr<\/p>\n<\/div>\n<p><strong>Das Team der Volksb\u00fchne Osnabr\u00fcck:<\/strong><\/p>\n<p><strong><img loading=\"lazy\" decoding=\"async\" class=\"wp-image-1772 size-medium alignnone\" src=\"https:\/\/www.volksbuehne-osnabrueck.de\/wp-content\/uploads\/2021\/10\/FotoFrauBroermann-200x300.jpg\" alt=\"\" width=\"200\" height=\"300\" srcset=\"https:\/\/www.volksbuehne-osnabrueck.de\/wp-content\/uploads\/2021\/10\/FotoFrauBroermann-200x300.jpg 200w, https:\/\/www.volksbuehne-osnabrueck.de\/wp-content\/uploads\/2021\/10\/FotoFrauBroermann-768x1152.jpg 768w, https:\/\/www.volksbuehne-osnabrueck.de\/wp-content\/uploads\/2021\/10\/FotoFrauBroermann-683x1024.jpg 683w, https:\/\/www.volksbuehne-osnabrueck.de\/wp-content\/uploads\/2021\/10\/FotoFrauBroermann.jpg 827w\" sizes=\"auto, (max-width: 200px) 100vw, 200px\" \/> \u00a0\u00a0\u00a0\u00a0\u00a0\u00a0\u00a0\u00a0\u00a0\u00a0\u00a0\u00a0 <img loading=\"lazy\" decoding=\"async\" class=\"size-medium wp-image-1773 alignnone\" src=\"https:\/\/www.volksbuehne-osnabrueck.de\/wp-content\/uploads\/2021\/10\/FotoFrauLandgraf-200x300.jpg\" alt=\"\" width=\"200\" height=\"300\" srcset=\"https:\/\/www.volksbuehne-osnabrueck.de\/wp-content\/uploads\/2021\/10\/FotoFrauLandgraf-200x300.jpg 200w, https:\/\/www.volksbuehne-osnabrueck.de\/wp-content\/uploads\/2021\/10\/FotoFrauLandgraf-768x1152.jpg 768w, https:\/\/www.volksbuehne-osnabrueck.de\/wp-content\/uploads\/2021\/10\/FotoFrauLandgraf-682x1024.jpg 682w, https:\/\/www.volksbuehne-osnabrueck.de\/wp-content\/uploads\/2021\/10\/FotoFrauLandgraf.jpg 827w\" sizes=\"auto, (max-width: 200px) 100vw, 200px\" \/><br \/><\/strong><\/p>\n<\/div>\n<div>\u00a0<\/div>\n<p><!--more--><\/p>\n<div>\n<p>Eleonore Broermann (1.Vorsitende)\u00a0\u00a0\u00a0 Birgit Landgraf (Gesch\u00e4ftsf\u00fchrerin)<\/p>\n<\/div>\n<div>\u00a0<\/div>\n<p><!--more--><\/p>\n\n\n<p><strong>Anschrift:<\/strong><br>Lipper Kamp 21<br>49078 Osnabr\u00fcck-Hellern<\/p>\n\n\n\n<h5 class=\"wp-block-heading\">Tel.: 0541 6090222<br><a href=\"mailto:Volksbuehne-os@gmx.de\">volksbuehne-os@gmx.de<\/a><\/h5>\n\n\n\n<h5 class=\"wp-block-heading\"><strong>Bankverbindung:<\/strong><br>Sparkasse Osnabr\u00fcck<br>IBAN: DE02 2655 0105 0000 5450 04<br>BIC: NOLADE22XX<\/h5>\n\n\n\n<p>Mit Urteil vom 12. Mai 1998 hat das Landgericht Hamburg entschieden, dass man durch die Ausbringung eines Links die Inhalte der gelinkten Seite ggf. mit zu verantworten hat. Dies kann &#8211; so das LG &#8211; nur dadurch verhindert werden, dass man sich ausdr\u00fccklich von diesen Inhalten distanziert.<br>F\u00fcr alle Links, die von diesen Internetseiten zu anderen Seiten im Internet f\u00fchren, gilt:<br>Wir betonen ausdr\u00fccklich , dass wir keinerlei Einfluss auf die Gestaltung und die Inhalte der gelinkten Seiten haben. Deshalb distanzieren wir uns hiermit ausdr\u00fccklich von allen Inhalten aller gelinkten Seiten auf unserer Homepage und machen uns ihre Inhalte nicht zueigen.<br>Diese Erkl\u00e4rung gilt f\u00fcr alle auf unserer Homepage ausgebrachten Links.<\/p>\n\n\n\n<p><strong>Bildnachweise:<\/strong><br>\u00a9shutterstock\/NemesisINC<br>\u00a9Theater Osnabr\u00fcck<\/p>\n\n\n\n<p><strong>Datenschutz<\/strong><br>F\u00fcr die Nutzung dieser Website ist die&nbsp;<a href=\"https:\/\/www.volksbuehne-osnabrueck.de\/wp-content\/uploads\/2018\/07\/Datenschutzerkl\u00e4rung-Volksb\u00fchne-OS.pdf\" target=\"_blank\" rel=\"noreferrer noopener\">Datenschutzerkl\u00e4rung<\/a> zu beachten.<\/p>\n","protected":false},"excerpt":{"rendered":"<p>Volksb\u00fchne Osnabr\u00fcck e.V. Besucherorganisation des Theaters Osnabr\u00fcckIhr Partner f\u00fcr Theater und Konzert Wir bietet Ihnen&#8211; Kultur zum Vorzugspreis&#8211; Vielf\u00e4ltige Angebote&#8211; Vorstellungskalender und Sonderveranstaltungen&#8211; Meinungsaustausch mit K\u00fcnstlern und Theaterschaffenden undviele interessante Informationen auf regelm\u00e4\u00dfigen Treffen Sie sind bei uns genau richtig wenn Sie&#8230;&#8211; Kunst und Kultur m\u00f6gen&#8211; zu g\u00fcnstigen Preisen ins Osnabr\u00fccker Theater gehen wollen&#8211; an [&hellip;]<\/p>\n","protected":false},"author":3,"featured_media":0,"parent":0,"menu_order":5,"comment_status":"closed","ping_status":"closed","template":"","meta":{"footnotes":""},"class_list":["post-222","page","type-page","status-publish","hentry"],"_links":{"self":[{"href":"https:\/\/www.volksbuehne-osnabrueck.de\/index.php\/wp-json\/wp\/v2\/pages\/222","targetHints":{"allow":["GET"]}}],"collection":[{"href":"https:\/\/www.volksbuehne-osnabrueck.de\/index.php\/wp-json\/wp\/v2\/pages"}],"about":[{"href":"https:\/\/www.volksbuehne-osnabrueck.de\/index.php\/wp-json\/wp\/v2\/types\/page"}],"author":[{"embeddable":true,"href":"https:\/\/www.volksbuehne-osnabrueck.de\/index.php\/wp-json\/wp\/v2\/users\/3"}],"replies":[{"embeddable":true,"href":"https:\/\/www.volksbuehne-osnabrueck.de\/index.php\/wp-json\/wp\/v2\/comments?post=222"}],"version-history":[{"count":38,"href":"https:\/\/www.volksbuehne-osnabrueck.de\/index.php\/wp-json\/wp\/v2\/pages\/222\/revisions"}],"predecessor-version":[{"id":2054,"href":"https:\/\/www.volksbuehne-osnabrueck.de\/index.php\/wp-json\/wp\/v2\/pages\/222\/revisions\/2054"}],"wp:attachment":[{"href":"https:\/\/www.volksbuehne-osnabrueck.de\/index.php\/wp-json\/wp\/v2\/media?parent=222"}],"curies":[{"name":"wp","href":"https:\/\/api.w.org\/{rel}","templated":true}]}}